{"id":50,"date":"2023-03-29T08:36:16","date_gmt":"2023-03-29T08:36:16","guid":{"rendered":"https:\/\/groupevictoria.ms2.decms.eu\/mentions-legales\/"},"modified":"2023-08-16T06:59:56","modified_gmt":"2023-08-16T06:59:56","slug":"legal-notice","status":"publish","type":"page","link":"https:\/\/www.leshotelsvictoria.com\/en\/legal-notice\/","title":{"rendered":"Legal Notice"},"content":{"rendered":"<p>1\/ Website editor\u2019s identity<br \/>\nCompany : SAS Victoria Holding<br \/>\nSocial Capital : 1 710 000\u20ac<br \/>\nAdress : 86 rue Vaneau, 75007 Paris, France<br \/>\nPhone : +33 (0)1 45 48 73 11<br \/>\nSIREN : 491 286 423<br \/>\nPublication director: Isabelle PETISNE<br \/>\nPerson legally responsible: Isabelle PETISNE<\/p>\n<p>2\/ Website Design &amp; Hosting<br \/>\nCompany: D-EDGE<br \/>\nWebsite: https:\/\/www.d-edge.com\/<br \/>\nAdress: 64-66 Rue des Archives, 75003 Paris<br \/>\nPhone Number : +33 1 44 71 05 05<br \/>\nSIREN : 431 513 852<br \/>\nContent Redaction : Soci\u00e9t\u00e9 EQUAERO<\/p>\n<p>3\/ Copyright<br \/>\nAll of this website is covered by French and international legislation concerning copyright and intellectual property.<br \/>\nPhotographs, texts, slogans, drawings, images, animated sequences with sound or not and any works integrated into the website are the property of the company SAS VICTORIA HOLDING or third parties that have authorised SAS VICTORIA HOLDING to use them.<br \/>\nThe logos, icons and graphic chips represented on the website are protected by copyright and articles L.511.1 and following of the Intellectual Property Code concerning the protection of registered designs.<br \/>\nReproduction rights are reserved and strictly limited, including for documents that can be downloaded, and iconographic and photographic representations.<br \/>\nAll trademarks on this website are registered by the companies that own them.<br \/>\nUnauthorised use of all or some of these rights by third parties may be lead to prosecution.<br \/>\nPhotos Credit: Guigsart photo and Bielsa Photo<br \/>\nLogos Credit: SMACT<\/p>\n","protected":false},"excerpt":{"rendered":"<p>1\/ Website editor\u2019s identity Company : SAS Victoria Holding Social Capital : 1 710 000\u20ac Adress : 86 rue Vaneau, 75007 Paris, France Phone : +33 (0)1 45 48 73 11 SIREN : 491 286 423 Publication director: Isabelle PETISNE Person legally responsible: Isabelle PETISNE 2\/ Website Design &amp; Hosting Company: D-EDGE Website: https:\/\/www.d-edge.com\/ Adress: [&hellip;]<\/p>\n","protected":false},"author":19,"featured_media":0,"parent":0,"menu_order":0,"comment_status":"closed","ping_status":"closed","template":"","meta":{"footnotes":""},"class_list":["post-50","page","type-page","status-publish","hentry"],"yoast_head":"<!-- This site is optimized with the Yoast SEO plugin v27.3 - https:\/\/yoast.com\/product\/yoast-seo-wordpress\/ -->\n<title>Legal Notice | Les H\u00f4tels Victoria<\/title>\n<meta name=\"description\" content=\"Discover the legal notice about Les H\u00f4tels Victoria group, a family-owned group with 3 charming hotels in the center of Paris: H\u00f4tel de France Invalides, Turenne le Marais, Vaneau Saint Germain.\" \/>\n<meta name=\"robots\" content=\"index, follow, max-snippet:-1, max-image-preview:large, max-video-preview:-1\" \/>\n<link rel=\"canonical\" href=\"https:\/\/www.leshotelsvictoria.com\/en\/legal-notice\/\" \/>\n<meta property=\"og:locale\" content=\"en_US\" \/>\n<meta property=\"og:type\" content=\"article\" \/>\n<meta property=\"og:title\" content=\"Legal Notice | Les H\u00f4tels Victoria\" \/>\n<meta property=\"og:description\" content=\"Discover the legal notice about Les H\u00f4tels Victoria group, a family-owned group with 3 charming hotels in the center of Paris: H\u00f4tel de France Invalides, Turenne le Marais, Vaneau Saint Germain.\" \/>\n<meta property=\"og:url\" content=\"https:\/\/www.leshotelsvictoria.com\/en\/legal-notice\/\" \/>\n<meta property=\"og:site_name\" content=\"Groupe Victoria\" \/>\n<meta property=\"article:modified_time\" content=\"2023-08-16T06:59:56+00:00\" \/>\n<meta name=\"twitter:card\" content=\"summary_large_image\" \/>\n<script type=\"application\/ld+json\" class=\"yoast-schema-graph\">{\"@context\":\"https:\\\/\\\/schema.org\",\"@graph\":[{\"@type\":\"WebPage\",\"@id\":\"https:\\\/\\\/www.leshotelsvictoria.com\\\/en\\\/legal-notice\\\/\",\"url\":\"https:\\\/\\\/www.leshotelsvictoria.com\\\/en\\\/legal-notice\\\/\",\"name\":\"Legal Notice | Les H\u00f4tels Victoria\",\"isPartOf\":{\"@id\":\"https:\\\/\\\/www.leshotelsvictoria.com\\\/en\\\/#website\"},\"datePublished\":\"2023-03-29T08:36:16+00:00\",\"dateModified\":\"2023-08-16T06:59:56+00:00\",\"description\":\"Discover the legal notice about Les H\u00f4tels Victoria group, a family-owned group with 3 charming hotels in the center of Paris: H\u00f4tel de France Invalides, Turenne le Marais, Vaneau Saint Germain.\",\"breadcrumb\":{\"@id\":\"https:\\\/\\\/www.leshotelsvictoria.com\\\/en\\\/legal-notice\\\/#breadcrumb\"},\"inLanguage\":\"en-US\",\"potentialAction\":[{\"@type\":\"ReadAction\",\"target\":[\"https:\\\/\\\/www.leshotelsvictoria.com\\\/en\\\/legal-notice\\\/\"]}]},{\"@type\":\"BreadcrumbList\",\"@id\":\"https:\\\/\\\/www.leshotelsvictoria.com\\\/en\\\/legal-notice\\\/#breadcrumb\",\"itemListElement\":[{\"@type\":\"ListItem\",\"position\":1,\"name\":\"Home\",\"item\":\"https:\\\/\\\/www.leshotelsvictoria.com\\\/en\\\/\"},{\"@type\":\"ListItem\",\"position\":2,\"name\":\"Legal Notice\"}]},{\"@type\":\"WebSite\",\"@id\":\"https:\\\/\\\/www.leshotelsvictoria.com\\\/en\\\/#website\",\"url\":\"https:\\\/\\\/www.leshotelsvictoria.com\\\/en\\\/\",\"name\":\"Groupe Victoria\",\"description\":\"\",\"potentialAction\":[{\"@type\":\"SearchAction\",\"target\":{\"@type\":\"EntryPoint\",\"urlTemplate\":\"https:\\\/\\\/www.leshotelsvictoria.com\\\/en\\\/?s={search_term_string}\"},\"query-input\":{\"@type\":\"PropertyValueSpecification\",\"valueRequired\":true,\"valueName\":\"search_term_string\"}}],\"inLanguage\":\"en-US\"}]}<\/script>\n<!-- \/ Yoast SEO plugin. -->","yoast_head_json":{"title":"Legal Notice | Les H\u00f4tels Victoria","description":"Discover the legal notice about Les H\u00f4tels Victoria group, a family-owned group with 3 charming hotels in the center of Paris: H\u00f4tel de France Invalides, Turenne le Marais, Vaneau Saint Germain.","robots":{"index":"index","follow":"follow","max-snippet":"max-snippet:-1","max-image-preview":"max-image-preview:large","max-video-preview":"max-video-preview:-1"},"canonical":"https:\/\/www.leshotelsvictoria.com\/en\/legal-notice\/","og_locale":"en_US","og_type":"article","og_title":"Legal Notice | Les H\u00f4tels Victoria","og_description":"Discover the legal notice about Les H\u00f4tels Victoria group, a family-owned group with 3 charming hotels in the center of Paris: H\u00f4tel de France Invalides, Turenne le Marais, Vaneau Saint Germain.","og_url":"https:\/\/www.leshotelsvictoria.com\/en\/legal-notice\/","og_site_name":"Groupe Victoria","article_modified_time":"2023-08-16T06:59:56+00:00","twitter_card":"summary_large_image","schema":{"@context":"https:\/\/schema.org","@graph":[{"@type":"WebPage","@id":"https:\/\/www.leshotelsvictoria.com\/en\/legal-notice\/","url":"https:\/\/www.leshotelsvictoria.com\/en\/legal-notice\/","name":"Legal Notice | Les H\u00f4tels Victoria","isPartOf":{"@id":"https:\/\/www.leshotelsvictoria.com\/en\/#website"},"datePublished":"2023-03-29T08:36:16+00:00","dateModified":"2023-08-16T06:59:56+00:00","description":"Discover the legal notice about Les H\u00f4tels Victoria group, a family-owned group with 3 charming hotels in the center of Paris: H\u00f4tel de France Invalides, Turenne le Marais, Vaneau Saint Germain.","breadcrumb":{"@id":"https:\/\/www.leshotelsvictoria.com\/en\/legal-notice\/#breadcrumb"},"inLanguage":"en-US","potentialAction":[{"@type":"ReadAction","target":["https:\/\/www.leshotelsvictoria.com\/en\/legal-notice\/"]}]},{"@type":"BreadcrumbList","@id":"https:\/\/www.leshotelsvictoria.com\/en\/legal-notice\/#breadcrumb","itemListElement":[{"@type":"ListItem","position":1,"name":"Home","item":"https:\/\/www.leshotelsvictoria.com\/en\/"},{"@type":"ListItem","position":2,"name":"Legal Notice"}]},{"@type":"WebSite","@id":"https:\/\/www.leshotelsvictoria.com\/en\/#website","url":"https:\/\/www.leshotelsvictoria.com\/en\/","name":"Groupe Victoria","description":"","potentialAction":[{"@type":"SearchAction","target":{"@type":"EntryPoint","urlTemplate":"https:\/\/www.leshotelsvictoria.com\/en\/?s={search_term_string}"},"query-input":{"@type":"PropertyValueSpecification","valueRequired":true,"valueName":"search_term_string"}}],"inLanguage":"en-US"}]}},"acf":[],"_links":{"self":[{"href":"https:\/\/www.leshotelsvictoria.com\/en\/wp-json\/wp\/v2\/pages\/50","targetHints":{"allow":["GET"]}}],"collection":[{"href":"https:\/\/www.leshotelsvictoria.com\/en\/wp-json\/wp\/v2\/pages"}],"about":[{"href":"https:\/\/www.leshotelsvictoria.com\/en\/wp-json\/wp\/v2\/types\/page"}],"author":[{"embeddable":true,"href":"https:\/\/www.leshotelsvictoria.com\/en\/wp-json\/wp\/v2\/users\/19"}],"replies":[{"embeddable":true,"href":"https:\/\/www.leshotelsvictoria.com\/en\/wp-json\/wp\/v2\/comments?post=50"}],"version-history":[{"count":0,"href":"https:\/\/www.leshotelsvictoria.com\/en\/wp-json\/wp\/v2\/pages\/50\/revisions"}],"wp:attachment":[{"href":"https:\/\/www.leshotelsvictoria.com\/en\/wp-json\/wp\/v2\/media?parent=50"}],"curies":[{"name":"wp","href":"https:\/\/api.w.org\/{rel}","templated":true}]}}